{"id":640,"date":"2025-10-20T16:38:28","date_gmt":"2025-10-20T16:38:28","guid":{"rendered":"https:\/\/popdigit-beta.popdigit.com\/?page_id=640"},"modified":"2025-11-06T15:43:06","modified_gmt":"2025-11-06T15:43:06","slug":"ficha-projeto","status":"publish","type":"page","link":"https:\/\/popdigit-beta.popdigit.com\/en\/ficha-projeto\/","title":{"rendered":"Project Fact Sheet"},"content":{"rendered":"<div data-elementor-type=\"wp-page\" data-elementor-id=\"640\" class=\"elementor elementor-640\" data-elementor-post-type=\"page\">\n\t\t\t\t<div class=\"elementor-element elementor-element-b7a88b7 e-flex e-con-boxed e-con e-parent\" data-id=\"b7a88b7\" data-element_type=\"container\">\n\t\t\t\t\t<div class=\"e-con-inner\">\n\t\t\t\t<div class=\"elementor-element elementor-element-c760e8f elementor-widget elementor-widget-heading\" data-id=\"c760e8f\" data-element_type=\"widget\" data-widget_type=\"heading.default\">\n\t\t\t\t\t<h2 class=\"elementor-heading-title elementor-size-default\">Plasblock | Project Fact Sheet\n\n<\/h2>\t\t\t\t<\/div>\n\t\t\t\t<div class=\"elementor-element elementor-element-f88b371 elementor-widget elementor-widget-image\" data-id=\"f88b371\" data-element_type=\"widget\" data-widget_type=\"image.default\">\n\t\t\t\t\t\t\t\t\t\t\t\t\t\t\t<img decoding=\"async\" width=\"441\" height=\"32\" src=\"https:\/\/popdigit-beta.popdigit.com\/wp-content\/uploads\/2025\/10\/barra-logos-compete-2030-UE-white.svg\" class=\"attachment-full size-full wp-image-1116\" alt=\"\" \/>\t\t\t\t\t\t\t\t\t\t\t\t\t\t\t<\/div>\n\t\t\t\t<div class=\"elementor-element elementor-element-0c5b226 elementor-widget elementor-widget-text-editor\" data-id=\"0c5b226\" data-element_type=\"widget\" data-widget_type=\"text-editor.default\">\n\t\t\t\t\t\t\t\t\t<p><b>Program:<\/b><span style=\"font-weight: 400;\"> Innovation and Digital Transition Program (COMPETE 2030)<\/span><\/p><p><b>Program Priority:<\/b><span style=\"font-weight: 400;\"> 1A \u2013 Innovation and Competitiveness<\/span><\/p><p><b>Specific Objective:<\/b><span style=\"font-weight: 400;\"> RSO1.1 Develop and strengthen research and innovation capabilities and the adoption of advanced technologies.<\/span><\/p><p><b>Type of action:<\/b><span style=\"font-weight: 400;\"> RSO1.1-02 Business investment and economic valuation of knowledge<\/span><\/p><p><b>Type of Intervention:<\/b><span style=\"font-weight: 400;\"> RSO1.1-02-01 Business I&amp;D<\/span><\/p><p><b>Type of Operation:<\/b><span style=\"font-weight: 400;\"> 1009 I&amp;D Business \u2013 I&amp;DT projects (SI)<\/span><\/p><p><b>Operation Code (Back Office):<\/b><span style=\"font-weight: 400;\"> COMPETE2030-FEDER-02148800<\/span><\/p><p><b>Call for Applications:<\/b><span style=\"font-weight: 400;\"> Notice MPr-2023-7 \u2013 SIID \u2013 Business I&amp;D \u2013 Co-promotion Operations<\/span><\/p><p><b>Project Number:<\/b><span style=\"font-weight: 400;\"> 20882<\/span><\/p><p><b>Project Designation:<\/b><span style=\"font-weight: 400;\"> PLASBLOCK \u2013 Development of a Multi-Purpose Plastic Block Incorporating Industrial Waste for Application in the Construction Sector<\/span><\/p><p><b>Beneficiaries:<\/b><\/p><ul><li style=\"font-weight: 400;\" aria-level=\"1\"><span style=\"font-weight: 400;\">501995366 &#8211; MOLDOESTE &#8211; Ind\u00fastria de Moldes, S.A.<\/span><\/li><li style=\"font-weight: 400;\" aria-level=\"1\"><span style=\"font-weight: 400;\">506043886 &#8211; MOLDOESTE II &#8211; Ind\u00fastria de Pl\u00e1sticos, Lda<\/span><\/li><li style=\"font-weight: 400;\" aria-level=\"1\"><span style=\"font-weight: 400;\">518097293 &#8211; POPDIGIT, Lda<\/span><\/li><li style=\"font-weight: 400;\" aria-level=\"1\"><span style=\"font-weight: 400;\">506971244 &#8211; Instituto Polit\u00e9cnico de Leiria &#8211; CDRSP<\/span><\/li><\/ul><p><b>\u00a0<\/b><\/p><p><b>Strategic Partners: <\/b><span style=\"font-weight: 400;\">Not applicable<\/span><\/p><p><b>Managing Authority:<\/b><span style=\"font-weight: 400;\"> PITD<\/span><\/p><p><b>Intermediate Organism:<\/b><span style=\"font-weight: 400;\"> ANI<\/span><\/p><p><b>Project Location:<\/b><span style=\"font-weight: 400;\"> NUTSII &#8211; Centro<\/span><\/p><p><b>Registration Date:<\/b><span style=\"font-weight: 400;\"> 2024-12-23<\/span><\/p><p><b>Approval Date:<\/b><span style=\"font-weight: 400;\"> 2025-03-31<\/span><\/p><p><b>Start Date:<\/b><span style=\"font-weight: 400;\"> 2025-07-01<\/span><\/p><p><b>Completion Date:<\/b><span style=\"font-weight: 400;\"> 2028-06-30<\/span><\/p><p><b>Total Investment:<\/b><span style=\"font-weight: 400;\"> 1.615.729,92 Euros<\/span><\/p><p><b>Eligible Investment:<\/b><span style=\"font-weight: 400;\"> 1.615.729,92 Euros<\/span><\/p><ul><li style=\"font-weight: 400;\" aria-level=\"1\"><span style=\"font-weight: 400;\">501995366 &#8211; MOLDOESTE &#8211; Ind\u00fastria de Moldes, S.A.: 702.161,76 Euros<\/span><\/li><li style=\"font-weight: 400;\" aria-level=\"1\"><span style=\"font-weight: 400;\">506043886 &#8211; MOLDOESTE II &#8211; Ind\u00fastria de Pl\u00e1sticos, Lda: 335.147,84 Euros<\/span><\/li><li style=\"font-weight: 400;\" aria-level=\"1\"><span style=\"font-weight: 400;\">518097293 &#8211; POPDIGIT, Lda: 279.304,64 Euros<\/span><\/li><li style=\"font-weight: 400;\" aria-level=\"1\"><span style=\"font-weight: 400;\">506971244 &#8211; Instituto Polit\u00e9cnico de Leiria &#8211; CDRSP: 299.115,68 Euros<\/span><\/li><\/ul><p><b>\u00a0<\/b><\/p><p><b>Financial Support (Non-Refundable Incentive): <\/b><span style=\"font-weight: 400;\">1.019.299,81 Euros<\/span><\/p><ul><li style=\"font-weight: 400;\" aria-level=\"1\"><span style=\"font-weight: 400;\">501995366 &#8211; MOLDOESTE &#8211; Ind\u00fastria de Moldes, S.A.: 374.450,09 Euros<\/span><\/li><li style=\"font-weight: 400;\" aria-level=\"1\"><span style=\"font-weight: 400;\">506043886 &#8211; MOLDOESTE II &#8211; Ind\u00fastria de Pl\u00e1sticos, Lda: 199.831,40 Euros<\/span><\/li><li style=\"font-weight: 400;\" aria-level=\"1\"><span style=\"font-weight: 400;\">518097293 &#8211; POPDIGIT, Lda: 190.869,99 Euros<\/span><\/li><li style=\"font-weight: 400;\" aria-level=\"1\"><span style=\"font-weight: 400;\">506971244 &#8211; Instituto Polit\u00e9cnico de Leiria &#8211; CDRSP: 254.248,33 Euros<\/span><\/li><\/ul><p><b>\u00a0<\/b><\/p><p><b>Incentive Rate:<\/b><span style=\"font-weight: 400;\"> 63,09 %<\/span><\/p><ul><li style=\"font-weight: 400;\" aria-level=\"1\"><span style=\"font-weight: 400;\">501995366 &#8211; MOLDOESTE &#8211; Ind\u00fastria de Moldes, S.A.: 53,33 %<\/span><\/li><li style=\"font-weight: 400;\" aria-level=\"1\"><span style=\"font-weight: 400;\">506043886 &#8211; MOLDOESTE II &#8211; Ind\u00fastria de Pl\u00e1sticos, Lda: 59,62 %<\/span><\/li><li style=\"font-weight: 400;\" aria-level=\"1\"><span style=\"font-weight: 400;\">518097293 &#8211; POPDIGIT, Lda: 68,34 %<\/span><\/li><li style=\"font-weight: 400;\" aria-level=\"1\"><span style=\"font-weight: 400;\">506971244 &#8211; Instituto Polit\u00e9cnico de Leiria &#8211; CDRSP: 85,00 %<\/span><\/li><\/ul><p><b>\u00a0<\/b><\/p><p><b>Description:<\/b><\/p><p><span style=\"font-weight: 400;\">The construction sector has undergone significant technological advancements in various areas over the last few decades, particularly in the integration of information technologies and the digitalization of processes, as well as the adoption of new materials, products, and construction systems, among others. It is precisely at the level of construction materials, products, and systems that there is a growing concern for the environment and its eco-efficiency through the reduction of the carbon footprint. This can be achieved, among other ways, by increasing their lifespan, reducing the type and volume of waste generated in their production, or by valorizing and reintegrating existing waste into their manufacturing process.<\/span><\/p><p><span style=\"font-weight: 400;\">PLASBLOCK is an I&amp;D project that aims to create an innovative product\/system for the construction sector, namely a plastic block obtained from polymeric materials incorporating waste from the mold, plastics, stone, glass and\/or ceramic industries. It is therefore an eco-efficient and eco-friendly product as it allows for the valorization of waste from different industries and its reintegration into the production chain, thus contributing to the reduction of the carbon footprint of various industries.<\/span><\/p><p><span style=\"font-weight: 400;\">This new modular plastic block is intended for use in the construction sector as an alternative to traditional perforated ceramic bricks or lightweight concrete blocks for the construction of partition walls (interior and exterior). The plastic blocks will be interconnected by means of \"clip\" type connections, allowing the creation of structures of different geometries and dimensions, aesthetically pleasing and exhibiting stability, resistance, thermal and acoustic performance characteristics similar to traditional solutions. By analogy, the plastic block concept proposed by the Consortium resembles a large \"LEGO\" piece, with universal and versatile interlocking, offering a multitude of uses and capable of being integrated into construction for residential housing, industrial units, commercial and service buildings.<\/span><\/p><p><span style=\"font-weight: 400;\">This new product\/system overcomes obvious disadvantages of traditional partition walls, such as cracking, water absorption, partial demolition for the passage of technical installations, the need for mortar joints, etc. Being a thin-walled plastic block, it can also be filled internally with other materials to give it additional characteristics such as increased mass, thermal or acoustic insulation.<\/span><\/p><p><span style=\"font-weight: 400;\">The plastic block will also have a set of pre-existing, but hidden, protrusions that allow the passage of pipes (water, gas, etc.) and wiring (electrical, computer, etc.) in the plane of the wall and in the transverse direction, completely eliminating the need for trenching. There will also be a set of \"add-ons\" that allow the addition of ambient lighting solutions, ambient sound systems, video surveillance, home automation, aromatherapy solutions, and even natural or artificial vegetation for decorative purposes to the selected blocks. The cladding of walls made with this plastic block can be done in different ways, such as with traditional partition walls using an adherent plaster or through the application of thin plasterboard solutions. One of the solutions that the Consortium intends to study is the development of a smooth or textured, thin, interchangeable panel that can be added to the surface of the block to create personalized and unique decorative solutions. The fact that it is a product developed based on a DIY (\u201cDo It Yourself\u201d) philosophy will allow anyone without specific knowledge to build partition walls quickly and safely, simply by following the product's safety and installation instructions.\u00a0<\/span><\/p><p><span style=\"font-weight: 400;\">The project comprises a set of industrial research and experimental development activities aimed at defining the product's technical requirements and specifications, developing studies for the design and development of the product project, building functional prototypes, conducting tests and validations, and also promoting, publicizing and disseminating the results of the I&amp;D activities.<\/span><\/p><p><span style=\"font-weight: 400;\">The project consortium is composed of three companies (MOLDOESTE, MOLDOESTE II and POPDIGIT) and one ENESII (IPLeiria), forming a \"complete\" consortium led by MOLDOESTE, which complement each other, meeting all the project's needs and ensuring the success of the research, particularly in terms of industrial and product design, mold technology, plastics technology and construction materials technology.<\/span><\/p><p><b>Performance and outcome indicators to be achieved within the scope of the operation:<\/b><\/p><ol><li style=\"font-weight: 400;\" aria-level=\"1\"><span style=\"font-weight: 400;\">Degree of completion of the activities planned in the project: 100.00%;<\/span><\/li><li style=\"font-weight: 400;\" aria-level=\"1\"><span style=\"font-weight: 400;\">Research jobs created in supported entities: 2.00 FTE annually;<\/span><\/li><li style=\"font-weight: 400;\" aria-level=\"1\"><span style=\"font-weight: 400;\">Innovations introduced in products, processes or services, or improvements to existing ones: 2.<\/span><\/li><\/ol>\t\t\t\t\t\t\t\t<\/div>\n\t\t\t\t\t<\/div>\n\t\t\t\t<\/div>\n\t\t\t\t<\/div>","protected":false},"excerpt":{"rendered":"<p>Plasblock | Ficha do Projeto Programa: Programa Inova\u00e7\u00e3o e Transi\u00e7\u00e3o Digital (COMPETE 2030) Prioridade do Programa: 1A \u2013 Inova\u00e7\u00e3o e Competitividade Objectivo Espec\u00edfico: RSO1.1 Desenvolver e refor\u00e7ar as capacidades de investiga\u00e7\u00e3o e inova\u00e7\u00e3o e a adop\u00e7\u00e3o de tecnologias avan\u00e7adas Tipologia de ac\u00e7\u00e3o: RSO1.1-02 Investimento empresarial e valoriza\u00e7\u00e3o econ\u00f3mica do conhecimento Tipologia de Interven\u00e7\u00e3o: RSO1.1-02-01 I&amp;D [&hellip;]<\/p>","protected":false},"author":2,"featured_media":0,"parent":0,"menu_order":0,"comment_status":"closed","ping_status":"closed","template":"","meta":{"footnotes":""},"class_list":["post-640","page","type-page","status-publish","hentry"],"yoast_head":"<!-- This site is optimized with the Yoast SEO plugin v26.3 - https:\/\/yoast.com\/wordpress\/plugins\/seo\/ -->\n<title>Ficha do Projeto &#8226; Popdigit<\/title>\n<meta name=\"robots\" content=\"noindex, follow, max-snippet:-1, max-image-preview:large, max-video-preview:-1\" \/>\n<meta property=\"og:locale\" content=\"en_US\" \/>\n<meta property=\"og:type\" content=\"article\" \/>\n<meta property=\"og:title\" content=\"Ficha do Projeto &#8226; Popdigit\" \/>\n<meta property=\"og:description\" content=\"Plasblock | Ficha do Projeto Programa: Programa Inova\u00e7\u00e3o e Transi\u00e7\u00e3o Digital (COMPETE 2030) Prioridade do Programa: 1A \u2013 Inova\u00e7\u00e3o e Competitividade Objectivo Espec\u00edfico: RSO1.1 Desenvolver e refor\u00e7ar as capacidades de investiga\u00e7\u00e3o e inova\u00e7\u00e3o e a adop\u00e7\u00e3o de tecnologias avan\u00e7adas Tipologia de ac\u00e7\u00e3o: RSO1.1-02 Investimento empresarial e valoriza\u00e7\u00e3o econ\u00f3mica do conhecimento Tipologia de Interven\u00e7\u00e3o: RSO1.1-02-01 I&amp;D [&hellip;]\" \/>\n<meta property=\"og:url\" content=\"https:\/\/popdigit-beta.popdigit.com\/en\/ficha-projeto\/\" \/>\n<meta property=\"og:site_name\" content=\"Popdigit\" \/>\n<meta property=\"article:publisher\" content=\"https:\/\/www.facebook.com\/popdigitcom\" \/>\n<meta property=\"article:modified_time\" content=\"2025-11-06T15:43:06+00:00\" \/>\n<meta property=\"og:image\" content=\"https:\/\/popdigit-beta.popdigit.com\/wp-content\/uploads\/2025\/10\/barra-logos-compete-2030-UE-white.svg\" \/>\n<meta name=\"twitter:card\" content=\"summary_large_image\" \/>\n<meta name=\"twitter:label1\" content=\"Est. reading time\" \/>\n\t<meta name=\"twitter:data1\" content=\"6 minutes\" \/>\n<script type=\"application\/ld+json\" class=\"yoast-schema-graph\">{\"@context\":\"https:\/\/schema.org\",\"@graph\":[{\"@type\":\"WebPage\",\"@id\":\"https:\/\/popdigit-beta.popdigit.com\/ficha-projeto\/\",\"url\":\"https:\/\/popdigit-beta.popdigit.com\/ficha-projeto\/\",\"name\":\"Ficha do Projeto &#8226; Popdigit\",\"isPartOf\":{\"@id\":\"https:\/\/popdigit-beta.popdigit.com\/#website\"},\"primaryImageOfPage\":{\"@id\":\"https:\/\/popdigit-beta.popdigit.com\/ficha-projeto\/#primaryimage\"},\"image\":{\"@id\":\"https:\/\/popdigit-beta.popdigit.com\/ficha-projeto\/#primaryimage\"},\"thumbnailUrl\":\"https:\/\/popdigit-beta.popdigit.com\/wp-content\/uploads\/2025\/10\/barra-logos-compete-2030-UE-white.svg\",\"datePublished\":\"2025-10-20T16:38:28+00:00\",\"dateModified\":\"2025-11-06T15:43:06+00:00\",\"breadcrumb\":{\"@id\":\"https:\/\/popdigit-beta.popdigit.com\/ficha-projeto\/#breadcrumb\"},\"inLanguage\":\"en-US\",\"potentialAction\":[{\"@type\":\"ReadAction\",\"target\":[\"https:\/\/popdigit-beta.popdigit.com\/ficha-projeto\/\"]}]},{\"@type\":\"ImageObject\",\"inLanguage\":\"en-US\",\"@id\":\"https:\/\/popdigit-beta.popdigit.com\/ficha-projeto\/#primaryimage\",\"url\":\"https:\/\/popdigit-beta.popdigit.com\/wp-content\/uploads\/2025\/10\/barra-logos-compete-2030-UE-white.svg\",\"contentUrl\":\"https:\/\/popdigit-beta.popdigit.com\/wp-content\/uploads\/2025\/10\/barra-logos-compete-2030-UE-white.svg\"},{\"@type\":\"BreadcrumbList\",\"@id\":\"https:\/\/popdigit-beta.popdigit.com\/ficha-projeto\/#breadcrumb\",\"itemListElement\":[{\"@type\":\"ListItem\",\"position\":1,\"name\":\"In\u00edcio\",\"item\":\"https:\/\/popdigit-beta.popdigit.com\/\"},{\"@type\":\"ListItem\",\"position\":2,\"name\":\"Ficha do Projeto\"}]},{\"@type\":\"WebSite\",\"@id\":\"https:\/\/popdigit-beta.popdigit.com\/#website\",\"url\":\"https:\/\/popdigit-beta.popdigit.com\/\",\"name\":\"Popdigit\",\"description\":\"Ag\u00eancia de Marketing\",\"publisher\":{\"@id\":\"https:\/\/popdigit-beta.popdigit.com\/#organization\"},\"potentialAction\":[{\"@type\":\"SearchAction\",\"target\":{\"@type\":\"EntryPoint\",\"urlTemplate\":\"https:\/\/popdigit-beta.popdigit.com\/?s={search_term_string}\"},\"query-input\":{\"@type\":\"PropertyValueSpecification\",\"valueRequired\":true,\"valueName\":\"search_term_string\"}}],\"inLanguage\":\"en-US\"},{\"@type\":\"Organization\",\"@id\":\"https:\/\/popdigit-beta.popdigit.com\/#organization\",\"name\":\"Popdigit\",\"url\":\"https:\/\/popdigit-beta.popdigit.com\/\",\"logo\":{\"@type\":\"ImageObject\",\"inLanguage\":\"en-US\",\"@id\":\"https:\/\/popdigit-beta.popdigit.com\/#\/schema\/logo\/image\/\",\"url\":\"https:\/\/popdigit-beta.popdigit.com\/wp-content\/uploads\/2025\/11\/Logo_Principal_PopBlue.svg\",\"contentUrl\":\"https:\/\/popdigit-beta.popdigit.com\/wp-content\/uploads\/2025\/11\/Logo_Principal_PopBlue.svg\",\"width\":1411,\"height\":366,\"caption\":\"Popdigit\"},\"image\":{\"@id\":\"https:\/\/popdigit-beta.popdigit.com\/#\/schema\/logo\/image\/\"},\"sameAs\":[\"https:\/\/www.facebook.com\/popdigitcom\",\"https:\/\/www.linkedin.com\/company\/popdigitcom\",\"https:\/\/www.instagram.com\/popdigitcom\/\"]}]}<\/script>\n<!-- \/ Yoast SEO plugin. -->","yoast_head_json":{"title":"Ficha do Projeto &#8226; Popdigit","robots":{"index":"noindex","follow":"follow","max-snippet":"max-snippet:-1","max-image-preview":"max-image-preview:large","max-video-preview":"max-video-preview:-1"},"og_locale":"en_US","og_type":"article","og_title":"Ficha do Projeto &#8226; Popdigit","og_description":"Plasblock | Ficha do Projeto Programa: Programa Inova\u00e7\u00e3o e Transi\u00e7\u00e3o Digital (COMPETE 2030) Prioridade do Programa: 1A \u2013 Inova\u00e7\u00e3o e Competitividade Objectivo Espec\u00edfico: RSO1.1 Desenvolver e refor\u00e7ar as capacidades de investiga\u00e7\u00e3o e inova\u00e7\u00e3o e a adop\u00e7\u00e3o de tecnologias avan\u00e7adas Tipologia de ac\u00e7\u00e3o: RSO1.1-02 Investimento empresarial e valoriza\u00e7\u00e3o econ\u00f3mica do conhecimento Tipologia de Interven\u00e7\u00e3o: RSO1.1-02-01 I&amp;D [&hellip;]","og_url":"https:\/\/popdigit-beta.popdigit.com\/en\/ficha-projeto\/","og_site_name":"Popdigit","article_publisher":"https:\/\/www.facebook.com\/popdigitcom","article_modified_time":"2025-11-06T15:43:06+00:00","og_image":[{"url":"https:\/\/popdigit-beta.popdigit.com\/wp-content\/uploads\/2025\/10\/barra-logos-compete-2030-UE-white.svg","type":"","width":"","height":""}],"twitter_card":"summary_large_image","twitter_misc":{"Est. reading time":"6 minutes"},"schema":{"@context":"https:\/\/schema.org","@graph":[{"@type":"WebPage","@id":"https:\/\/popdigit-beta.popdigit.com\/ficha-projeto\/","url":"https:\/\/popdigit-beta.popdigit.com\/ficha-projeto\/","name":"Ficha do Projeto &#8226; Popdigit","isPartOf":{"@id":"https:\/\/popdigit-beta.popdigit.com\/#website"},"primaryImageOfPage":{"@id":"https:\/\/popdigit-beta.popdigit.com\/ficha-projeto\/#primaryimage"},"image":{"@id":"https:\/\/popdigit-beta.popdigit.com\/ficha-projeto\/#primaryimage"},"thumbnailUrl":"https:\/\/popdigit-beta.popdigit.com\/wp-content\/uploads\/2025\/10\/barra-logos-compete-2030-UE-white.svg","datePublished":"2025-10-20T16:38:28+00:00","dateModified":"2025-11-06T15:43:06+00:00","breadcrumb":{"@id":"https:\/\/popdigit-beta.popdigit.com\/ficha-projeto\/#breadcrumb"},"inLanguage":"en-US","potentialAction":[{"@type":"ReadAction","target":["https:\/\/popdigit-beta.popdigit.com\/ficha-projeto\/"]}]},{"@type":"ImageObject","inLanguage":"en-US","@id":"https:\/\/popdigit-beta.popdigit.com\/ficha-projeto\/#primaryimage","url":"https:\/\/popdigit-beta.popdigit.com\/wp-content\/uploads\/2025\/10\/barra-logos-compete-2030-UE-white.svg","contentUrl":"https:\/\/popdigit-beta.popdigit.com\/wp-content\/uploads\/2025\/10\/barra-logos-compete-2030-UE-white.svg"},{"@type":"BreadcrumbList","@id":"https:\/\/popdigit-beta.popdigit.com\/ficha-projeto\/#breadcrumb","itemListElement":[{"@type":"ListItem","position":1,"name":"In\u00edcio","item":"https:\/\/popdigit-beta.popdigit.com\/"},{"@type":"ListItem","position":2,"name":"Ficha do Projeto"}]},{"@type":"WebSite","@id":"https:\/\/popdigit-beta.popdigit.com\/#website","url":"https:\/\/popdigit-beta.popdigit.com\/","name":"Popdigit","description":"Ag\u00eancia de Marketing","publisher":{"@id":"https:\/\/popdigit-beta.popdigit.com\/#organization"},"potentialAction":[{"@type":"SearchAction","target":{"@type":"EntryPoint","urlTemplate":"https:\/\/popdigit-beta.popdigit.com\/?s={search_term_string}"},"query-input":{"@type":"PropertyValueSpecification","valueRequired":true,"valueName":"search_term_string"}}],"inLanguage":"en-US"},{"@type":"Organization","@id":"https:\/\/popdigit-beta.popdigit.com\/#organization","name":"Popdigit","url":"https:\/\/popdigit-beta.popdigit.com\/","logo":{"@type":"ImageObject","inLanguage":"en-US","@id":"https:\/\/popdigit-beta.popdigit.com\/#\/schema\/logo\/image\/","url":"https:\/\/popdigit-beta.popdigit.com\/wp-content\/uploads\/2025\/11\/Logo_Principal_PopBlue.svg","contentUrl":"https:\/\/popdigit-beta.popdigit.com\/wp-content\/uploads\/2025\/11\/Logo_Principal_PopBlue.svg","width":1411,"height":366,"caption":"Popdigit"},"image":{"@id":"https:\/\/popdigit-beta.popdigit.com\/#\/schema\/logo\/image\/"},"sameAs":["https:\/\/www.facebook.com\/popdigitcom","https:\/\/www.linkedin.com\/company\/popdigitcom","https:\/\/www.instagram.com\/popdigitcom\/"]}]}},"_links":{"self":[{"href":"https:\/\/popdigit-beta.popdigit.com\/en\/wp-json\/wp\/v2\/pages\/640","targetHints":{"allow":["GET"]}}],"collection":[{"href":"https:\/\/popdigit-beta.popdigit.com\/en\/wp-json\/wp\/v2\/pages"}],"about":[{"href":"https:\/\/popdigit-beta.popdigit.com\/en\/wp-json\/wp\/v2\/types\/page"}],"author":[{"embeddable":true,"href":"https:\/\/popdigit-beta.popdigit.com\/en\/wp-json\/wp\/v2\/users\/2"}],"replies":[{"embeddable":true,"href":"https:\/\/popdigit-beta.popdigit.com\/en\/wp-json\/wp\/v2\/comments?post=640"}],"version-history":[{"count":10,"href":"https:\/\/popdigit-beta.popdigit.com\/en\/wp-json\/wp\/v2\/pages\/640\/revisions"}],"predecessor-version":[{"id":1143,"href":"https:\/\/popdigit-beta.popdigit.com\/en\/wp-json\/wp\/v2\/pages\/640\/revisions\/1143"}],"wp:attachment":[{"href":"https:\/\/popdigit-beta.popdigit.com\/en\/wp-json\/wp\/v2\/media?parent=640"}],"curies":[{"name":"wp","href":"https:\/\/api.w.org\/{rel}","templated":true}]}}