{"id":3,"date":"2025-10-07T11:54:35","date_gmt":"2025-10-07T11:54:35","guid":{"rendered":"https:\/\/popdigit-beta.popdigit.com\/?page_id=3"},"modified":"2025-11-06T15:44:04","modified_gmt":"2025-11-06T15:44:04","slug":"politica-privacidade-cookies","status":"publish","type":"page","link":"https:\/\/popdigit-beta.popdigit.com\/en\/politica-privacidade-cookies\/","title":{"rendered":"Privacy and Cookies Policy"},"content":{"rendered":"<div data-elementor-type=\"wp-page\" data-elementor-id=\"3\" class=\"elementor elementor-3\" data-elementor-post-type=\"page\">\n\t\t\t\t<div class=\"elementor-element elementor-element-3083388 e-flex e-con-boxed e-con e-parent\" data-id=\"3083388\" data-element_type=\"container\">\n\t\t\t\t\t<div class=\"e-con-inner\">\n\t\t\t\t<div class=\"elementor-element elementor-element-932116e elementor-widget elementor-widget-heading\" data-id=\"932116e\" data-element_type=\"widget\" data-widget_type=\"heading.default\">\n\t\t\t\t\t<h2 class=\"elementor-heading-title elementor-size-default\">Privacy and Cookies Policy<\/h2>\t\t\t\t<\/div>\n\t\t\t\t<div class=\"elementor-element elementor-element-b9e13a3 elementor-widget elementor-widget-text-editor\" data-id=\"b9e13a3\" data-element_type=\"widget\" data-widget_type=\"text-editor.default\">\n\t\t\t\t\t\t\t\t\t<p>(<em data-renderer-mark=\"true\">Updated on 23\/10\/2024<\/em>)<\/p><p>\u00a0<\/p><p data-renderer-start-pos=\"2674\">Your privacy and the security of your personal data are fundamental to us. This Policy, together with the Terms and Conditions, demonstrates our commitment to protecting your personal data and sets out how we handle the information you provide to us.<\/p><p data-renderer-start-pos=\"2934\">Please read this document carefully to understand what data we collect and how we use it.<\/p><p data-renderer-start-pos=\"2934\">\u00a0<\/p><h4 data-renderer-start-pos=\"3047\">1. Object<\/h4><p data-renderer-start-pos=\"3058\">This Policy applies to all personal data processing operations related to Popdigit's clients, potential clients, and service providers.<\/p><p data-renderer-start-pos=\"3058\">\u00a0<\/p><h4 data-renderer-start-pos=\"3222\">2. Legal Framework<\/h4><p data-renderer-start-pos=\"3246\">Our Privacy Policy complies with applicable data protection laws, namely Regulation 2016\/679\/EU (GDPR) and national implementing legislation (Law No. 58\/2019 and Law No. 59\/2019).<\/p><p data-renderer-start-pos=\"3246\">\u00a0<\/p><h4 data-renderer-start-pos=\"3462\">3. Data Controller<\/h4><p data-renderer-start-pos=\"3494\">Popdigit is responsible for the processing of personal data, determining:<\/p><ul class=\"ak-ul\" data-indent-level=\"1\"><li><p data-renderer-start-pos=\"3572\">What data needs to be processed;<\/p><\/li><li><p data-renderer-start-pos=\"3608\">The purposes of the treatment;<\/p><\/li><li><p data-renderer-start-pos=\"3641\">The methods used in the treatment.<\/p><\/li><\/ul><h4 data-renderer-start-pos=\"3679\">\u00a0<\/h4><h4 data-renderer-start-pos=\"3679\">4. Data Processing Principles<\/h4><p data-renderer-start-pos=\"3717\">We commit to:<\/p><ul class=\"ak-ul\" data-indent-level=\"1\"><li><p data-renderer-start-pos=\"3740\">To handle data in a transparent, fair, and lawful manner;<\/p><\/li><li><p data-renderer-start-pos=\"3796\">To collect and process data for specific, explicit, and legitimate purposes;<\/p><\/li><li><p data-renderer-start-pos=\"3870\">Limit treatment to what is strictly necessary;<\/p><\/li><li><p data-renderer-start-pos=\"3922\">Keep the data accurate and up-to-date;<\/p><\/li><li><p data-renderer-start-pos=\"3965\">Retain the data only for the necessary time and within legal limits.<\/p><\/li><\/ul><h4 data-renderer-start-pos=\"4045\">\u00a0<\/h4><h4 data-renderer-start-pos=\"4045\">5. Categories of Personal Data<\/h4><p data-renderer-start-pos=\"4078\">We process the following categories of data:<\/p><ul class=\"ak-ul\" data-indent-level=\"1\"><li><p data-renderer-start-pos=\"4124\">Personal identification and contact information (name, address, email, identification number, among others);<\/p><\/li><li><p data-renderer-start-pos=\"4223\">Demographic data (city, postal code);<\/p><\/li><li><p data-renderer-start-pos=\"4270\">Professional data (process information, files);<\/p><\/li><li><p data-renderer-start-pos=\"4331\">Billing and expense data;<\/p><\/li><li><p data-renderer-start-pos=\"4365\">System usage data (e.g., website access time).<\/p><\/li><\/ul><h4 data-renderer-start-pos=\"4432\">\u00a0<\/h4><h4 data-renderer-start-pos=\"4432\">6. Purpose and Legal Basis<\/h4><p data-renderer-start-pos=\"4469\">We use personal data for:<\/p><div class=\"pm-table-container\" data-layout=\"custom\"><div class=\"pm-table-wrapper\"><table width=\"100%\" data-testid=\"renderer-table\" data-number-column=\"false\" data-layout=\"default\"><tbody><tr><th colspan=\"1\" rowspan=\"1\" data-cell-background=\"var(--ds-background-accent-gray-subtlest, var(--ds-background-accent-gray-subtlest, #F1F2F4))\"><p style=\"text-align: left;\">Purpose<\/p><\/th><th colspan=\"1\" rowspan=\"1\" data-cell-background=\"var(--ds-background-accent-gray-subtlest, var(--ds-background-accent-gray-subtlest, #F1F2F4))\"><p style=\"text-align: left;\">Legal Basis<\/p><\/th><\/tr><tr><td colspan=\"1\" rowspan=\"1\"><p data-renderer-start-pos=\"4547\">Provision of consulting services<\/p><\/td><td colspan=\"1\" rowspan=\"1\"><p data-renderer-start-pos=\"4587\">Contract enforcement; Pre-contractual due diligence; Legitimate interest<\/p><\/td><\/tr><tr><td colspan=\"1\" rowspan=\"1\"><p data-renderer-start-pos=\"4663\">Billing<\/p><\/td><td colspan=\"1\" rowspan=\"1\"><p data-renderer-start-pos=\"4676\">Contract execution; Legitimate interest; Compliance with legal obligations<\/p><\/td><\/tr><tr><td colspan=\"1\" rowspan=\"1\"><p data-renderer-start-pos=\"4756\">Responding to requests<\/p><\/td><td colspan=\"1\" rowspan=\"1\"><p data-renderer-start-pos=\"4783\">Legitimate interest; Pre-contractual due diligence<\/p><\/td><\/tr><tr><td colspan=\"1\" rowspan=\"1\"><p data-renderer-start-pos=\"4836\">Sending communications<\/p><\/td><td colspan=\"1\" rowspan=\"1\"><p data-renderer-start-pos=\"4861\">Legitimate interest; Consent<\/p><\/td><\/tr><tr><td colspan=\"1\" rowspan=\"1\"><p data-renderer-start-pos=\"4900\">Compliance with legal obligations<\/p><\/td><td colspan=\"1\" rowspan=\"1\"><p data-renderer-start-pos=\"4936\">Fulfillment of a legal obligation<\/p><\/td><\/tr><\/tbody><\/table><\/div><\/div><p data-renderer-start-pos=\"4971\">If necessary, we will ask for your consent to process your data. You may withdraw your consent at any time.<\/p><p data-renderer-start-pos=\"4971\">\u00a0<\/p><h4 data-renderer-start-pos=\"5096\">7. Treatment Duration<\/h4><p data-renderer-start-pos=\"5122\">Personal data will be kept for as long as necessary for the purposes for which it was collected.<\/p><div class=\"pm-table-container\" data-layout=\"custom\"><div class=\"pm-table-wrapper\"><table width=\"100%\" data-testid=\"renderer-table\" data-number-column=\"false\" data-layout=\"default\"><tbody><tr><th colspan=\"1\" rowspan=\"1\" data-cell-background=\"var(--ds-background-accent-gray-subtlest, var(--ds-background-accent-gray-subtlest, #F1F2F4))\"><p style=\"text-align: left;\">Purpose<\/p><\/th><th colspan=\"1\" rowspan=\"1\" data-cell-background=\"var(--ds-background-accent-gray-subtlest, var(--ds-background-accent-gray-subtlest, #F1F2F4))\"><p style=\"text-align: left;\">Duration of Treatment<\/p><\/th><\/tr><tr><td colspan=\"1\" rowspan=\"1\"><p data-renderer-start-pos=\"5277\">Provision of consulting services<\/p><\/td><td colspan=\"1\" rowspan=\"1\"><p data-renderer-start-pos=\"5317\">Duration of the business relationship<\/p><\/td><\/tr><tr><td colspan=\"1\" rowspan=\"1\"><p data-renderer-start-pos=\"5351\">Billing<\/p><\/td><td colspan=\"1\" rowspan=\"1\"><p data-renderer-start-pos=\"5364\">10 years<\/p><\/td><\/tr><tr><td colspan=\"1\" rowspan=\"1\"><p data-renderer-start-pos=\"5377\">Responding to requests<\/p><\/td><td colspan=\"1\" rowspan=\"1\"><p data-renderer-start-pos=\"5404\">1 year after the request<\/p><\/td><\/tr><tr><td colspan=\"1\" rowspan=\"1\"><p data-renderer-start-pos=\"5429\">Sending communications<\/p><\/td><td colspan=\"1\" rowspan=\"1\"><p data-renderer-start-pos=\"5454\">Until the user objects to the treatment.<\/p><\/td><\/tr><tr><td colspan=\"1\" rowspan=\"1\"><p data-renderer-start-pos=\"5498\">Compliance with legal obligations<\/p><\/td><td colspan=\"1\" rowspan=\"1\"><p data-renderer-start-pos=\"5534\">7 years after the end of the business relationship<\/p><\/td><\/tr><\/tbody><\/table><\/div><\/div><h4 data-renderer-start-pos=\"5581\">\u00a0<\/h4><h4 data-renderer-start-pos=\"5581\">8. Data Subject Rights<\/h4><p data-renderer-start-pos=\"5617\">Data subjects have the right to:<\/p><ul class=\"ak-ul\" data-indent-level=\"1\"><li><p data-renderer-start-pos=\"5661\">Access, correct, or request data portability;<\/p><\/li><li><p data-renderer-start-pos=\"5722\">Request the deletion or limitation of treatment;<\/p><\/li><li><p data-renderer-start-pos=\"5776\">To oppose treatment;<\/p><\/li><li><p data-renderer-start-pos=\"5802\">Submit a complaint to the CNPD.<\/p><\/li><\/ul><p data-renderer-start-pos=\"5839\">You can exercise your rights by sending an email to <strong data-renderer-mark=\"true\">hello@popdigit.com<\/strong>, with the subject line \u201cPersonal Data\u201d.<\/p><h4 data-renderer-start-pos=\"5946\">\u00a0<\/h4><h4 data-renderer-start-pos=\"5946\">9. Data Sharing<\/h4><p data-renderer-start-pos=\"5968\">The data can be shared with:<\/p><ul class=\"ak-ul\" data-indent-level=\"1\"><li><p data-renderer-start-pos=\"6007\">Subcontractors, such as accounting service providers or technical support, who process the data only for pre-defined purposes.<\/p><\/li><\/ul><h4 data-renderer-start-pos=\"6153\">\u00a0<\/h4><h4 data-renderer-start-pos=\"6153\">10. Links to Third-Party Websites<\/h4><p data-renderer-start-pos=\"6188\">Our website may contain links to third-party websites, which have their own privacy policies. We are not responsible for these websites and recommend that you review their policies.<\/p><p data-renderer-start-pos=\"6188\">\u00a0<\/p><h4 data-renderer-start-pos=\"6391\">11. Cookies<\/h4><p data-renderer-start-pos=\"6404\">Cookies are small text files that are stored on your device when you visit our website. We use cookies to:<\/p><ul class=\"ak-ul\" data-indent-level=\"1\"><li><p data-renderer-start-pos=\"6542\"><strong data-renderer-mark=\"true\">Strictly necessary cookies:<\/strong> They allow navigation on the site and access to secure areas;<\/p><\/li><li><p data-renderer-start-pos=\"6639\"><strong data-renderer-mark=\"true\">Analytical cookies:<\/strong> Used anonymously to improve the site's functionality.<\/p><\/li><\/ul><p data-renderer-start-pos=\"6728\">The cookies we use include:<\/p><ul class=\"ak-ul\" data-indent-level=\"1\"><li><p data-renderer-start-pos=\"6762\"><strong data-renderer-mark=\"true\">Google Tag Manager:<\/strong> Manages tags on the website without collecting personal information.<\/p><\/li><li><p data-renderer-start-pos=\"6845\"><strong data-renderer-mark=\"true\">Google Analytics:<\/strong> Analyze website usage to improve the user experience.<\/p><\/li><\/ul><p data-renderer-start-pos=\"6941\">You can configure your browser to disable cookies, but this may affect the functionality of the website. For more information, visit: <a class=\"css-1rn59kg\" title=\"https:\/\/tools.google.com\/dlpage\/gaoptout\" href=\"https:\/\/tools.google.com\/dlpage\/gaoptout\" target=\"_blank\" rel=\"noopener\" data-testid=\"link-with-safety\" data-renderer-mark=\"true\">Google Analytics Opt-Out<\/a>.<\/p><h4 data-renderer-start-pos=\"7105\">\u00a0<\/h4><h4 data-renderer-start-pos=\"7105\">12. Data Security<\/h4><p data-renderer-start-pos=\"7129\">We have adopted technical and organizational measures to protect your data against loss, destruction, or unauthorized access.<\/p><p data-renderer-start-pos=\"7129\">\u00a0<\/p><h4 data-renderer-start-pos=\"7251\">13. Changes to This Policy<\/h4><p data-renderer-start-pos=\"7283\">This Privacy Policy was last updated on October 23, 2024 and may be changed. Any changes will be posted on our website without prior consent.<\/p><p data-renderer-start-pos=\"7469\">If you have any questions or would like more information about how we handle your data, please contact us.<\/p>\t\t\t\t\t\t\t\t<\/div>\n\t\t\t\t\t<\/div>\n\t\t\t\t<\/div>\n\t\t\t\t<\/div>","protected":false},"excerpt":{"rendered":"<p>Pol\u00edtica de Privacidade e Cookies (Atualizado a 23\/10\/2024) \u00a0 A sua privacidade e a seguran\u00e7a dos seus dados pessoais s\u00e3o fundamentais para n\u00f3s. Esta Pol\u00edtica, em conjunto com os Termos e Condi\u00e7\u00f5es, demonstra o nosso compromisso em proteger os seus dados pessoais e estabelece como tratamos a informa\u00e7\u00e3o que nos fornece. Por favor, leia atentamente [&hellip;]<\/p>","protected":false},"author":1,"featured_media":0,"parent":0,"menu_order":0,"comment_status":"closed","ping_status":"closed","template":"","meta":{"footnotes":""},"class_list":["post-3","page","type-page","status-publish","hentry"],"yoast_head":"<!-- This site is optimized with the Yoast SEO plugin v26.3 - https:\/\/yoast.com\/wordpress\/plugins\/seo\/ -->\n<title>Pol\u00edtica de Privacidade e Cookies &#8226; Popdigit<\/title>\n<meta name=\"robots\" content=\"noindex, follow, max-snippet:-1, max-image-preview:large, max-video-preview:-1\" \/>\n<meta property=\"og:locale\" content=\"en_US\" \/>\n<meta property=\"og:type\" content=\"article\" \/>\n<meta property=\"og:title\" content=\"Pol\u00edtica de Privacidade e Cookies &#8226; Popdigit\" \/>\n<meta property=\"og:description\" content=\"Pol\u00edtica de Privacidade e Cookies (Atualizado a 23\/10\/2024) \u00a0 A sua privacidade e a seguran\u00e7a dos seus dados pessoais s\u00e3o fundamentais para n\u00f3s. Esta Pol\u00edtica, em conjunto com os Termos e Condi\u00e7\u00f5es, demonstra o nosso compromisso em proteger os seus dados pessoais e estabelece como tratamos a informa\u00e7\u00e3o que nos fornece. Por favor, leia atentamente [&hellip;]\" \/>\n<meta property=\"og:url\" content=\"https:\/\/popdigit-beta.popdigit.com\/en\/politica-privacidade-cookies\/\" \/>\n<meta property=\"og:site_name\" content=\"Popdigit\" \/>\n<meta property=\"article:publisher\" content=\"https:\/\/www.facebook.com\/popdigitcom\" \/>\n<meta property=\"article:modified_time\" content=\"2025-11-06T15:44:04+00:00\" \/>\n<meta name=\"twitter:card\" content=\"summary_large_image\" \/>\n<meta name=\"twitter:label1\" content=\"Est. reading time\" \/>\n\t<meta name=\"twitter:data1\" content=\"4 minutes\" \/>\n<script type=\"application\/ld+json\" class=\"yoast-schema-graph\">{\"@context\":\"https:\/\/schema.org\",\"@graph\":[{\"@type\":\"WebPage\",\"@id\":\"https:\/\/popdigit-beta.popdigit.com\/politica-privacidade-cookies\/\",\"url\":\"https:\/\/popdigit-beta.popdigit.com\/politica-privacidade-cookies\/\",\"name\":\"Pol\u00edtica de Privacidade e Cookies &#8226; Popdigit\",\"isPartOf\":{\"@id\":\"https:\/\/popdigit-beta.popdigit.com\/#website\"},\"datePublished\":\"2025-10-07T11:54:35+00:00\",\"dateModified\":\"2025-11-06T15:44:04+00:00\",\"breadcrumb\":{\"@id\":\"https:\/\/popdigit-beta.popdigit.com\/politica-privacidade-cookies\/#breadcrumb\"},\"inLanguage\":\"en-US\",\"potentialAction\":[{\"@type\":\"ReadAction\",\"target\":[\"https:\/\/popdigit-beta.popdigit.com\/politica-privacidade-cookies\/\"]}]},{\"@type\":\"BreadcrumbList\",\"@id\":\"https:\/\/popdigit-beta.popdigit.com\/politica-privacidade-cookies\/#breadcrumb\",\"itemListElement\":[{\"@type\":\"ListItem\",\"position\":1,\"name\":\"In\u00edcio\",\"item\":\"https:\/\/popdigit-beta.popdigit.com\/\"},{\"@type\":\"ListItem\",\"position\":2,\"name\":\"Pol\u00edtica de Privacidade e Cookies\"}]},{\"@type\":\"WebSite\",\"@id\":\"https:\/\/popdigit-beta.popdigit.com\/#website\",\"url\":\"https:\/\/popdigit-beta.popdigit.com\/\",\"name\":\"Popdigit\",\"description\":\"Ag\u00eancia de Marketing\",\"publisher\":{\"@id\":\"https:\/\/popdigit-beta.popdigit.com\/#organization\"},\"potentialAction\":[{\"@type\":\"SearchAction\",\"target\":{\"@type\":\"EntryPoint\",\"urlTemplate\":\"https:\/\/popdigit-beta.popdigit.com\/?s={search_term_string}\"},\"query-input\":{\"@type\":\"PropertyValueSpecification\",\"valueRequired\":true,\"valueName\":\"search_term_string\"}}],\"inLanguage\":\"en-US\"},{\"@type\":\"Organization\",\"@id\":\"https:\/\/popdigit-beta.popdigit.com\/#organization\",\"name\":\"Popdigit\",\"url\":\"https:\/\/popdigit-beta.popdigit.com\/\",\"logo\":{\"@type\":\"ImageObject\",\"inLanguage\":\"en-US\",\"@id\":\"https:\/\/popdigit-beta.popdigit.com\/#\/schema\/logo\/image\/\",\"url\":\"https:\/\/popdigit-beta.popdigit.com\/wp-content\/uploads\/2025\/11\/Logo_Principal_PopBlue.svg\",\"contentUrl\":\"https:\/\/popdigit-beta.popdigit.com\/wp-content\/uploads\/2025\/11\/Logo_Principal_PopBlue.svg\",\"width\":1411,\"height\":366,\"caption\":\"Popdigit\"},\"image\":{\"@id\":\"https:\/\/popdigit-beta.popdigit.com\/#\/schema\/logo\/image\/\"},\"sameAs\":[\"https:\/\/www.facebook.com\/popdigitcom\",\"https:\/\/www.linkedin.com\/company\/popdigitcom\",\"https:\/\/www.instagram.com\/popdigitcom\/\"]}]}<\/script>\n<!-- \/ Yoast SEO plugin. -->","yoast_head_json":{"title":"Pol\u00edtica de Privacidade e Cookies &#8226; Popdigit","robots":{"index":"noindex","follow":"follow","max-snippet":"max-snippet:-1","max-image-preview":"max-image-preview:large","max-video-preview":"max-video-preview:-1"},"og_locale":"en_US","og_type":"article","og_title":"Pol\u00edtica de Privacidade e Cookies &#8226; Popdigit","og_description":"Pol\u00edtica de Privacidade e Cookies (Atualizado a 23\/10\/2024) \u00a0 A sua privacidade e a seguran\u00e7a dos seus dados pessoais s\u00e3o fundamentais para n\u00f3s. Esta Pol\u00edtica, em conjunto com os Termos e Condi\u00e7\u00f5es, demonstra o nosso compromisso em proteger os seus dados pessoais e estabelece como tratamos a informa\u00e7\u00e3o que nos fornece. Por favor, leia atentamente [&hellip;]","og_url":"https:\/\/popdigit-beta.popdigit.com\/en\/politica-privacidade-cookies\/","og_site_name":"Popdigit","article_publisher":"https:\/\/www.facebook.com\/popdigitcom","article_modified_time":"2025-11-06T15:44:04+00:00","twitter_card":"summary_large_image","twitter_misc":{"Est. reading time":"4 minutes"},"schema":{"@context":"https:\/\/schema.org","@graph":[{"@type":"WebPage","@id":"https:\/\/popdigit-beta.popdigit.com\/politica-privacidade-cookies\/","url":"https:\/\/popdigit-beta.popdigit.com\/politica-privacidade-cookies\/","name":"Pol\u00edtica de Privacidade e Cookies &#8226; Popdigit","isPartOf":{"@id":"https:\/\/popdigit-beta.popdigit.com\/#website"},"datePublished":"2025-10-07T11:54:35+00:00","dateModified":"2025-11-06T15:44:04+00:00","breadcrumb":{"@id":"https:\/\/popdigit-beta.popdigit.com\/politica-privacidade-cookies\/#breadcrumb"},"inLanguage":"en-US","potentialAction":[{"@type":"ReadAction","target":["https:\/\/popdigit-beta.popdigit.com\/politica-privacidade-cookies\/"]}]},{"@type":"BreadcrumbList","@id":"https:\/\/popdigit-beta.popdigit.com\/politica-privacidade-cookies\/#breadcrumb","itemListElement":[{"@type":"ListItem","position":1,"name":"In\u00edcio","item":"https:\/\/popdigit-beta.popdigit.com\/"},{"@type":"ListItem","position":2,"name":"Pol\u00edtica de Privacidade e Cookies"}]},{"@type":"WebSite","@id":"https:\/\/popdigit-beta.popdigit.com\/#website","url":"https:\/\/popdigit-beta.popdigit.com\/","name":"Popdigit","description":"Ag\u00eancia de Marketing","publisher":{"@id":"https:\/\/popdigit-beta.popdigit.com\/#organization"},"potentialAction":[{"@type":"SearchAction","target":{"@type":"EntryPoint","urlTemplate":"https:\/\/popdigit-beta.popdigit.com\/?s={search_term_string}"},"query-input":{"@type":"PropertyValueSpecification","valueRequired":true,"valueName":"search_term_string"}}],"inLanguage":"en-US"},{"@type":"Organization","@id":"https:\/\/popdigit-beta.popdigit.com\/#organization","name":"Popdigit","url":"https:\/\/popdigit-beta.popdigit.com\/","logo":{"@type":"ImageObject","inLanguage":"en-US","@id":"https:\/\/popdigit-beta.popdigit.com\/#\/schema\/logo\/image\/","url":"https:\/\/popdigit-beta.popdigit.com\/wp-content\/uploads\/2025\/11\/Logo_Principal_PopBlue.svg","contentUrl":"https:\/\/popdigit-beta.popdigit.com\/wp-content\/uploads\/2025\/11\/Logo_Principal_PopBlue.svg","width":1411,"height":366,"caption":"Popdigit"},"image":{"@id":"https:\/\/popdigit-beta.popdigit.com\/#\/schema\/logo\/image\/"},"sameAs":["https:\/\/www.facebook.com\/popdigitcom","https:\/\/www.linkedin.com\/company\/popdigitcom","https:\/\/www.instagram.com\/popdigitcom\/"]}]}},"_links":{"self":[{"href":"https:\/\/popdigit-beta.popdigit.com\/en\/wp-json\/wp\/v2\/pages\/3","targetHints":{"allow":["GET"]}}],"collection":[{"href":"https:\/\/popdigit-beta.popdigit.com\/en\/wp-json\/wp\/v2\/pages"}],"about":[{"href":"https:\/\/popdigit-beta.popdigit.com\/en\/wp-json\/wp\/v2\/types\/page"}],"author":[{"embeddable":true,"href":"https:\/\/popdigit-beta.popdigit.com\/en\/wp-json\/wp\/v2\/users\/1"}],"replies":[{"embeddable":true,"href":"https:\/\/popdigit-beta.popdigit.com\/en\/wp-json\/wp\/v2\/comments?post=3"}],"version-history":[{"count":14,"href":"https:\/\/popdigit-beta.popdigit.com\/en\/wp-json\/wp\/v2\/pages\/3\/revisions"}],"predecessor-version":[{"id":1137,"href":"https:\/\/popdigit-beta.popdigit.com\/en\/wp-json\/wp\/v2\/pages\/3\/revisions\/1137"}],"wp:attachment":[{"href":"https:\/\/popdigit-beta.popdigit.com\/en\/wp-json\/wp\/v2\/media?parent=3"}],"curies":[{"name":"wp","href":"https:\/\/api.w.org\/{rel}","templated":true}]}}